{"id":46,"date":"2024-04-09T14:25:50","date_gmt":"2024-04-09T14:25:50","guid":{"rendered":"https:\/\/lundsmassagecenter.se\/?page_id=46"},"modified":"2025-03-21T06:16:08","modified_gmt":"2025-03-21T06:16:08","slug":"om-oss","status":"publish","type":"page","link":"https:\/\/lundsmassagecenter.se\/index.php\/om-oss\/","title":{"rendered":"Om mig"},"content":{"rendered":"\t\t<div data-elementor-type=\"wp-page\" data-elementor-id=\"46\" class=\"elementor elementor-46\" data-elementor-post-type=\"page\">\n\t\t\t\t<div class=\"elementor-element elementor-element-36a05da e-flex e-con-boxed e-con e-parent\" data-id=\"36a05da\" data-element_type=\"container\" data-e-type=\"container\">\n\t\t\t\t\t<div class=\"e-con-inner\">\n\t\t\t\t<div class=\"elementor-element elementor-element-57a56fc elementor-widget elementor-widget-heading\" data-id=\"57a56fc\" data-element_type=\"widget\" data-e-type=\"widget\" data-widget_type=\"heading.default\">\n\t\t\t\t<div class=\"elementor-widget-container\">\n\t\t\t\t\t<h1 class=\"elementor-heading-title elementor-size-default\">Om mig<\/h1>\t\t\t\t<\/div>\n\t\t\t\t<\/div>\n\t\t\t\t<div class=\"elementor-element elementor-element-72bbc29 elementor-widget elementor-widget-text-editor\" data-id=\"72bbc29\" data-element_type=\"widget\" data-e-type=\"widget\" data-widget_type=\"text-editor.default\">\n\t\t\t\t<div class=\"elementor-widget-container\">\n\t\t\t\t\t\t\t\t\t<p><span style=\"font-weight: 400;\">Hej och varmt v\u00e4lkommen till Lunds Massage Center!<\/span><\/p><p><span style=\"font-weight: 400;\">Jag heter Torbj\u00f6rn \u201dToBe\u201d Haglund och \u00e4r en man p\u00e5 60 \u00e5r. Med \u00f6ver 20 \u00e5rs erfarenhet inom massage och kroppsterapi brinner jag f\u00f6r att hj\u00e4lpa m\u00e4nniskor att m\u00e5 b\u00e4ttre \u2013 b\u00e5de i kropp och sj\u00e4l. Som 16-\u00e5ring hade jag en ingivelse att jag skulle jobba med massage, men f\u00f6ljde inte mitt hj\u00e4rta den g\u00e5ngen. Ist\u00e4llet utbildade jag mig till pl\u00e5tslagare och gjorde d\u00e4refter v\u00e4rnplikt i Kungliga flottan.<\/span><\/p><p><span style=\"font-weight: 400;\">Efter att ha utbildat mig i klassisk svensk massage vid Naturmedicinskt H\u00e4lsocenter i G\u00f6teborg och vidare i bindv\u00e4vsmassage p\u00e5 Arcanum, har jag fortsatt att f\u00f6rdjupa mina kunskaper genom \u00e5ren. N\u00e4r jag m\u00f6tte Sherman Dudoit fr\u00e5n Hawaii \u00f6ppnades mina \u00f6gon f\u00f6r en holistisk syn p\u00e5 kroppen och livet. Han introducerade mig till Lomi Lomi Heartworks, en hawaiiansk massagemetod som kombinerar fysisk behandling med ett djupare sj\u00e4lsligt perspektiv.<\/span><\/p><p><span style=\"font-weight: 400;\">Jag har ocks\u00e5 haft f\u00f6rm\u00e5nen att utbilda mig i Kupua Mana Shamanic Bodywork p\u00e5 Maui \u2013 en upplevelse som f\u00f6rdjupade min f\u00f6rst\u00e5else f\u00f6r kroppen, sinnet och m\u00e4nniskans inre resa. Faktum \u00e4r att Sherman var en av l\u00e4rarna under den tv\u00e5veckorskursen.<\/span><\/p><p><span style=\"font-weight: 400;\">Ut\u00f6ver mina praktiska erfarenheter har jag en undersk\u00f6terskeutbildning och den basmedicinska kompetens som kr\u00e4vs f\u00f6r att bli certifierad mass\u00f6r enligt Branschr\u00e5det Svensk Massage. Jag \u00e4r \u00e4ven medlem i Kroppsterapeuternas Yrkesf\u00f6rbund, vilket s\u00e4kerst\u00e4ller att du f\u00e5r en trygg och professionell behandling.<\/span><\/p><p><span style=\"font-weight: 400;\">Min filosofi \u00e4r enkel: varje m\u00e4nniska \u00e4r unik, och varje m\u00f6te \u00e4r ett nytt kapitel. Jag str\u00e4var efter att m\u00f6ta dig med b\u00e5de \u00f6dmjukhet och kraft, och att lyssna in dina behov f\u00f6r att ge dig en behandling som \u00e4r anpassad just f\u00f6r dig.<\/span><\/p><p><span style=\"font-weight: 400;\">Att beskriva mitt arbetss\u00e4tt med ord k\u00e4nns alltid lite begr\u00e4nsande \u2013 det jag vill f\u00f6rmedla s\u00e4ger jag b\u00e4st med mina h\u00e4nder. Jag ser fram emot att hj\u00e4lpa dig sl\u00e4ppa p\u00e5 sp\u00e4nningar, lindra sm\u00e4rta och hitta tillbaka till balansen i b\u00e5de kropp och sj\u00e4l.<\/span><\/p><p><span style=\"font-weight: 400;\">Varmt v\u00e4lkommen att <span style=\"text-decoration: underline;\"><a href=\"https:\/\/www.timecenter.se\/lmc\/lund\/\" target=\"_blank\" rel=\"noopener\">boka en behandling<\/a><\/span> \u2013 jag ser fram emot att tr\u00e4ffa dig!<\/span><\/p>\t\t\t\t\t\t\t\t<\/div>\n\t\t\t\t<\/div>\n\t\t\t\t\t<\/div>\n\t\t\t\t<\/div>\n\t\t\t\t<\/div>\n\t\t","protected":false},"excerpt":{"rendered":"<p>Om mig Hej och varmt v\u00e4lkommen till Lunds Massage Center! Jag heter Torbj\u00f6rn \u201dToBe\u201d Haglund och \u00e4r en man p\u00e5 60 \u00e5r. Med \u00f6ver 20 \u00e5rs erfarenhet inom massage och kroppsterapi brinner jag f\u00f6r att hj\u00e4lpa m\u00e4nniskor att m\u00e5 b\u00e4ttre \u2013 b\u00e5de i kropp och sj\u00e4l. Som 16-\u00e5ring hade jag en ingivelse att jag skulle [&hellip;]<\/p>\n","protected":false},"author":1,"featured_media":0,"parent":0,"menu_order":0,"comment_status":"closed","ping_status":"closed","template":"","meta":{"footnotes":""},"class_list":["post-46","page","type-page","status-publish","hentry"],"_links":{"self":[{"href":"https:\/\/lundsmassagecenter.se\/index.php\/wp-json\/wp\/v2\/pages\/46","targetHints":{"allow":["GET"]}}],"collection":[{"href":"https:\/\/lundsmassagecenter.se\/index.php\/wp-json\/wp\/v2\/pages"}],"about":[{"href":"https:\/\/lundsmassagecenter.se\/index.php\/wp-json\/wp\/v2\/types\/page"}],"author":[{"embeddable":true,"href":"https:\/\/lundsmassagecenter.se\/index.php\/wp-json\/wp\/v2\/users\/1"}],"replies":[{"embeddable":true,"href":"https:\/\/lundsmassagecenter.se\/index.php\/wp-json\/wp\/v2\/comments?post=46"}],"version-history":[{"count":43,"href":"https:\/\/lundsmassagecenter.se\/index.php\/wp-json\/wp\/v2\/pages\/46\/revisions"}],"predecessor-version":[{"id":439,"href":"https:\/\/lundsmassagecenter.se\/index.php\/wp-json\/wp\/v2\/pages\/46\/revisions\/439"}],"wp:attachment":[{"href":"https:\/\/lundsmassagecenter.se\/index.php\/wp-json\/wp\/v2\/media?parent=46"}],"curies":[{"name":"wp","href":"https:\/\/api.w.org\/{rel}","templated":true}]}}