{"id":51,"date":"2024-04-09T14:27:55","date_gmt":"2024-04-09T14:27:55","guid":{"rendered":"https:\/\/lundsmassagecenter.se\/?page_id=51"},"modified":"2025-03-21T06:13:26","modified_gmt":"2025-03-21T06:13:26","slug":"hawaiian-lomilomi-heartworks","status":"publish","type":"page","link":"https:\/\/lundsmassagecenter.se\/index.php\/hawaiian-lomilomi-heartworks\/","title":{"rendered":"Hawaiian Lomi Lomi Heartworks"},"content":{"rendered":"\t\t<div data-elementor-type=\"wp-page\" data-elementor-id=\"51\" class=\"elementor elementor-51\" data-elementor-post-type=\"page\">\n\t\t\t\t<div class=\"elementor-element elementor-element-dfd9cd1 e-flex e-con-boxed e-con e-parent\" data-id=\"dfd9cd1\" data-element_type=\"container\" data-e-type=\"container\">\n\t\t\t\t\t<div class=\"e-con-inner\">\n\t\t\t\t<div class=\"elementor-element elementor-element-089a97e elementor-widget elementor-widget-heading\" data-id=\"089a97e\" data-element_type=\"widget\" data-e-type=\"widget\" data-widget_type=\"heading.default\">\n\t\t\t\t<div class=\"elementor-widget-container\">\n\t\t\t\t\t<h1 class=\"elementor-heading-title elementor-size-default\">Lomi Lomi Heartworks - en helhetsbehandling f\u00f6r kropp och sj\u00e4l<\/h1>\t\t\t\t<\/div>\n\t\t\t\t<\/div>\n\t\t\t\t<div class=\"elementor-element elementor-element-ae90977 elementor-widget elementor-widget-text-editor\" data-id=\"ae90977\" data-element_type=\"widget\" data-e-type=\"widget\" data-widget_type=\"text-editor.default\">\n\t\t\t\t<div class=\"elementor-widget-container\">\n\t\t\t\t\t\t\t\t\t<p><span style=\"font-weight: 400;\">Lomi Lomi Heartworks \u00e4r en hawaiiansk massagemetod med r\u00f6tter i den traditionella Lomi Lomi-massagen fr\u00e5n Maui, Hawaii. Metoden, som utvecklats av Sherman Dudoit, kombinerar fysiska behandlingar med en djupare f\u00f6rst\u00e5else f\u00f6r kropp, sj\u00e4l och psyke.<\/span><\/p><p><span style=\"font-weight: 400;\">Denna massage utm\u00e4rker sig genom sina rytmiska och flytande r\u00f6relser \u2013 l\u00e5nga, mjuka strykningar som liknar v\u00e5gor och skapar en k\u00e4nsla av helhet i kroppen. Jag anv\u00e4nder h\u00e4nder, underarmar och armb\u00e5gar tillsammans med olja f\u00f6r att frig\u00f6ra sp\u00e4nningar och fr\u00e4mja avslappning.<\/span><\/p><p><span style=\"font-weight: 400;\">Lomi Lomi Heartworks \u00e4r mer \u00e4n bara en massage \u2013 det \u00e4r en helhetsupplevelse som fr\u00e4mjar balans och avslappning genom en unik metod utvecklad med ett holistiskt syns\u00e4tt. Behandlingen fokuserar p\u00e5 att l\u00f6sa upp sp\u00e4nningar och skapa en k\u00e4nsla av harmoni i kroppen. Varje behandling anpassas efter dina behov f\u00f6r att ge dig b\u00e4sta m\u00f6jliga resultat.<\/span><\/p><p><span style=\"font-weight: 400;\">En kraftfull helkroppsbehandling som skapar balans, avslappning och n\u00e4rvaro. Perfekt f\u00f6r dig som k\u00e4nner att stress har satt sig i kroppen och beh\u00f6ver en metod f\u00f6r att sl\u00e4ppa taget och \u00e5terh\u00e4mta dig.<\/span><\/p><p><strong>Varf\u00f6r v\u00e4lja Lomi Lomi Heartworks?<\/strong><\/p><ul><li style=\"font-weight: 400;\" aria-level=\"1\"><span style=\"font-weight: 400;\">Fr\u00e4mjar b\u00e5de fysisk och mental avslappning.<\/span><\/li><li style=\"font-weight: 400;\" aria-level=\"1\"><span style=\"font-weight: 400;\">Hj\u00e4lper till att lindra stressrelaterade sp\u00e4nningar.<\/span><\/li><li style=\"font-weight: 400;\" aria-level=\"1\"><span style=\"font-weight: 400;\">Arbetar med hela kroppen f\u00f6r en k\u00e4nsla av harmoni och balans.<\/span><\/li><\/ul><div>\u00a0<\/div><p><span style=\"font-weight: 400;\"><span style=\"text-decoration: underline;\"><a href=\"https:\/\/www.timecenter.se\/lmc\/lund\/\" target=\"_blank\" rel=\"noopener\">Boka en behandling<\/a><\/span> och l\u00e5t mig hj\u00e4lpa dig att sl\u00e4ppa p\u00e5 sp\u00e4nningar och hitta tillbaka till din inre balans.<\/span><\/p>\t\t\t\t\t\t\t\t<\/div>\n\t\t\t\t<\/div>\n\t\t\t\t\t<\/div>\n\t\t\t\t<\/div>\n\t\t\t\t<\/div>\n\t\t","protected":false},"excerpt":{"rendered":"<p>Lomi Lomi Heartworks &#8211; en helhetsbehandling f\u00f6r kropp och sj\u00e4l Lomi Lomi Heartworks \u00e4r en hawaiiansk massagemetod med r\u00f6tter i den traditionella Lomi Lomi-massagen fr\u00e5n Maui, Hawaii. Metoden, som utvecklats av Sherman Dudoit, kombinerar fysiska behandlingar med en djupare f\u00f6rst\u00e5else f\u00f6r kropp, sj\u00e4l och psyke. Denna massage utm\u00e4rker sig genom sina rytmiska och flytande r\u00f6relser [&hellip;]<\/p>\n","protected":false},"author":1,"featured_media":0,"parent":0,"menu_order":0,"comment_status":"closed","ping_status":"closed","template":"","meta":{"footnotes":""},"class_list":["post-51","page","type-page","status-publish","hentry"],"_links":{"self":[{"href":"https:\/\/lundsmassagecenter.se\/index.php\/wp-json\/wp\/v2\/pages\/51","targetHints":{"allow":["GET"]}}],"collection":[{"href":"https:\/\/lundsmassagecenter.se\/index.php\/wp-json\/wp\/v2\/pages"}],"about":[{"href":"https:\/\/lundsmassagecenter.se\/index.php\/wp-json\/wp\/v2\/types\/page"}],"author":[{"embeddable":true,"href":"https:\/\/lundsmassagecenter.se\/index.php\/wp-json\/wp\/v2\/users\/1"}],"replies":[{"embeddable":true,"href":"https:\/\/lundsmassagecenter.se\/index.php\/wp-json\/wp\/v2\/comments?post=51"}],"version-history":[{"count":29,"href":"https:\/\/lundsmassagecenter.se\/index.php\/wp-json\/wp\/v2\/pages\/51\/revisions"}],"predecessor-version":[{"id":427,"href":"https:\/\/lundsmassagecenter.se\/index.php\/wp-json\/wp\/v2\/pages\/51\/revisions\/427"}],"wp:attachment":[{"href":"https:\/\/lundsmassagecenter.se\/index.php\/wp-json\/wp\/v2\/media?parent=51"}],"curies":[{"name":"wp","href":"https:\/\/api.w.org\/{rel}","templated":true}]}}