{"id":66,"date":"2024-04-09T14:31:58","date_gmt":"2024-04-09T14:31:58","guid":{"rendered":"https:\/\/lundsmassagecenter.se\/?page_id=66"},"modified":"2025-03-21T06:15:12","modified_gmt":"2025-03-21T06:15:12","slug":"kinesiologi","status":"publish","type":"page","link":"https:\/\/lundsmassagecenter.se\/index.php\/kinesiologi\/","title":{"rendered":"Kinesiologi"},"content":{"rendered":"\t\t<div data-elementor-type=\"wp-page\" data-elementor-id=\"66\" class=\"elementor elementor-66\" data-elementor-post-type=\"page\">\n\t\t\t\t<div class=\"elementor-element elementor-element-e2506a1 e-flex e-con-boxed e-con e-parent\" data-id=\"e2506a1\" data-element_type=\"container\" data-e-type=\"container\">\n\t\t\t\t\t<div class=\"e-con-inner\">\n\t\t\t\t<div class=\"elementor-element elementor-element-57dea93 elementor-widget elementor-widget-heading\" data-id=\"57dea93\" data-element_type=\"widget\" data-e-type=\"widget\" data-widget_type=\"heading.default\">\n\t\t\t\t<div class=\"elementor-widget-container\">\n\t\t\t\t\t<h1 class=\"elementor-heading-title elementor-size-default\">Kinesiologi<\/h1>\t\t\t\t<\/div>\n\t\t\t\t<\/div>\n\t\t\t\t<div class=\"elementor-element elementor-element-82c0355 elementor-widget elementor-widget-text-editor\" data-id=\"82c0355\" data-element_type=\"widget\" data-e-type=\"widget\" data-widget_type=\"text-editor.default\">\n\t\t\t\t<div class=\"elementor-widget-container\">\n\t\t\t\t\t\t\t\t\t<p><span style=\"font-weight: 400;\">Kinesiologi \u00e4r en metod som anv\u00e4nder muskeltestning f\u00f6r att identifiera obalanser och blockeringar i kroppen. Genom att analysera hur musklerna reagerar kan jag sp\u00e5ra problemomr\u00e5den och f\u00f6rst\u00e5 hur dessa \u00e4r kopplade till kroppens inre funktioner.<\/span><\/p><p><span style=\"font-weight: 400;\">N\u00e4r obalanser har lokaliserats v\u00e4ljer jag den balanseringsmetod som b\u00e4st hj\u00e4lper dig att \u00e5terst\u00e4lla harmoni och v\u00e4lm\u00e5ende. Det kan handla om att l\u00f6sa upp fysiska sp\u00e4nningar, reducera stress eller st\u00f6dja kroppens sj\u00e4lvl\u00e4kande f\u00f6rm\u00e5ga.<\/span><\/p><p><span style=\"font-weight: 400;\">Kinesiologi \u00e4r ett holistiskt verktyg som inte bara fokuserar p\u00e5 symptom, utan arbetar med att hitta och behandla grundorsaken till obalanser \u2013 f\u00f6r att hj\u00e4lpa dig att k\u00e4nna dig starkare, friskare och mer balanserad.<\/span><\/p>\t\t\t\t\t\t\t\t<\/div>\n\t\t\t\t<\/div>\n\t\t\t\t\t<\/div>\n\t\t\t\t<\/div>\n\t\t\t\t<\/div>\n\t\t","protected":false},"excerpt":{"rendered":"<p>Kinesiologi Kinesiologi \u00e4r en metod som anv\u00e4nder muskeltestning f\u00f6r att identifiera obalanser och blockeringar i kroppen. Genom att analysera hur musklerna reagerar kan jag sp\u00e5ra problemomr\u00e5den och f\u00f6rst\u00e5 hur dessa \u00e4r kopplade till kroppens inre funktioner. N\u00e4r obalanser har lokaliserats v\u00e4ljer jag den balanseringsmetod som b\u00e4st hj\u00e4lper dig att \u00e5terst\u00e4lla harmoni och v\u00e4lm\u00e5ende. Det kan [&hellip;]<\/p>\n","protected":false},"author":1,"featured_media":0,"parent":0,"menu_order":0,"comment_status":"closed","ping_status":"closed","template":"","meta":{"footnotes":""},"class_list":["post-66","page","type-page","status-publish","hentry"],"_links":{"self":[{"href":"https:\/\/lundsmassagecenter.se\/index.php\/wp-json\/wp\/v2\/pages\/66","targetHints":{"allow":["GET"]}}],"collection":[{"href":"https:\/\/lundsmassagecenter.se\/index.php\/wp-json\/wp\/v2\/pages"}],"about":[{"href":"https:\/\/lundsmassagecenter.se\/index.php\/wp-json\/wp\/v2\/types\/page"}],"author":[{"embeddable":true,"href":"https:\/\/lundsmassagecenter.se\/index.php\/wp-json\/wp\/v2\/users\/1"}],"replies":[{"embeddable":true,"href":"https:\/\/lundsmassagecenter.se\/index.php\/wp-json\/wp\/v2\/comments?post=66"}],"version-history":[{"count":25,"href":"https:\/\/lundsmassagecenter.se\/index.php\/wp-json\/wp\/v2\/pages\/66\/revisions"}],"predecessor-version":[{"id":433,"href":"https:\/\/lundsmassagecenter.se\/index.php\/wp-json\/wp\/v2\/pages\/66\/revisions\/433"}],"wp:attachment":[{"href":"https:\/\/lundsmassagecenter.se\/index.php\/wp-json\/wp\/v2\/media?parent=66"}],"curies":[{"name":"wp","href":"https:\/\/api.w.org\/{rel}","templated":true}]}}