{"id":9,"date":"2024-04-09T13:48:46","date_gmt":"2024-04-09T13:48:46","guid":{"rendered":"https:\/\/lundsmassagecenter.se\/?page_id=9"},"modified":"2025-03-21T05:29:15","modified_gmt":"2025-03-21T05:29:15","slug":"elementor-9","status":"publish","type":"page","link":"https:\/\/lundsmassagecenter.se\/","title":{"rendered":"Hem"},"content":{"rendered":"\t\t<div data-elementor-type=\"wp-post\" data-elementor-id=\"9\" class=\"elementor elementor-9\" data-elementor-post-type=\"page\">\n\t\t\t\t<div class=\"elementor-element elementor-element-7a1359f e-con-full e-flex e-con e-parent\" data-id=\"7a1359f\" data-element_type=\"container\" data-e-type=\"container\">\n\t\t\t\t<div class=\"elementor-element elementor-element-046278a elementor--h-position-center elementor--v-position-middle elementor-arrows-position-inside elementor-pagination-position-inside elementor-widget elementor-widget-slides\" data-id=\"046278a\" data-element_type=\"widget\" data-e-type=\"widget\" data-settings=\"{&quot;navigation&quot;:&quot;both&quot;,&quot;autoplay&quot;:&quot;yes&quot;,&quot;pause_on_hover&quot;:&quot;yes&quot;,&quot;pause_on_interaction&quot;:&quot;yes&quot;,&quot;autoplay_speed&quot;:5000,&quot;infinite&quot;:&quot;yes&quot;,&quot;transition&quot;:&quot;slide&quot;,&quot;transition_speed&quot;:500}\" data-widget_type=\"slides.default\">\n\t\t\t\t<div class=\"elementor-widget-container\">\n\t\t\t\t\t\t\t\t\t<div class=\"elementor-swiper\">\n\t\t\t\t\t<div class=\"elementor-slides-wrapper elementor-main-swiper swiper\" role=\"region\" aria-roledescription=\"carousel\" aria-label=\"Bildspel\" dir=\"ltr\" data-animation=\"fadeInUp\">\n\t\t\t\t<div class=\"swiper-wrapper elementor-slides\">\n\t\t\t\t\t\t\t\t\t\t<div class=\"elementor-repeater-item-61338c0 swiper-slide\" role=\"group\" aria-roledescription=\"slide\"><div class=\"swiper-slide-bg elementor-ken-burns elementor-ken-burns--in\" role=\"img\" aria-label=\"slide3\"><\/div><a class=\"swiper-slide-inner\" href=\"https:\/\/www.timecenter.se\/lmc\/lund\/\" target=\"_blank\" rel=\"noopener\"><div class=\"swiper-slide-contents\"><h1 class=\"elementor-slide-heading\">LUNDS MASSAGE CENTER<\/h1><div class=\"elementor-slide-description\">L\u00e5t mig hj\u00e4lpa dig bli fri fr\u00e5n sm\u00e4rta och stelhet \u2013 och bli som p\u00e5nyttf\u00f6dd<\/div><div  class=\"elementor-button elementor-slide-button elementor-size-md\">Boka tid<\/div><\/div><\/a><\/div><div class=\"elementor-repeater-item-98e62bf swiper-slide\" role=\"group\" aria-roledescription=\"slide\"><div class=\"swiper-slide-bg\" role=\"img\" aria-label=\"LUNDS MASSAGE CENTER Bli som ny igen och l\u00f6sa upp sp\u00e4nda muskler.\"><\/div><a class=\"swiper-slide-inner\" href=\"https:\/\/www.timecenter.se\/lmc\/lund\/\" target=\"_blank\" rel=\"noopener\"><div class=\"swiper-slide-contents\"><h1 class=\"elementor-slide-heading\">LUNDS MASSAGE CENTER<\/h1><div class=\"elementor-slide-description\">L\u00e5t mig hj\u00e4lpa dig bli fri fr\u00e5n sm\u00e4rta och stelhet \u2013 och bli som p\u00e5nyttf\u00f6dd<\/div><div  class=\"elementor-button elementor-slide-button elementor-size-md\">Boka tid<\/div><\/div><\/a><\/div>\t\t\t\t<\/div>\n\t\t\t\t\t\t\t\t\t\t\t\t\t\t\t<div class=\"elementor-swiper-button elementor-swiper-button-prev\" role=\"button\" tabindex=\"0\" aria-label=\"F\u00f6reg\u00e5ende bild\">\n\t\t\t\t\t\t\t<svg aria-hidden=\"true\" class=\"e-font-icon-svg e-eicon-chevron-left\" viewBox=\"0 0 1000 1000\" xmlns=\"http:\/\/www.w3.org\/2000\/svg\"><path d=\"M646 125C629 125 613 133 604 142L308 442C296 454 292 471 292 487 292 504 296 521 308 533L604 854C617 867 629 875 646 875 663 875 679 871 692 858 704 846 713 829 713 812 713 796 708 779 692 767L438 487 692 225C700 217 708 204 708 187 708 171 704 154 692 142 675 129 663 125 646 125Z\"><\/path><\/svg>\t\t\t\t\t\t<\/div>\n\t\t\t\t\t\t<div class=\"elementor-swiper-button elementor-swiper-button-next\" role=\"button\" tabindex=\"0\" aria-label=\"N\u00e4sta bild\">\n\t\t\t\t\t\t\t<svg aria-hidden=\"true\" class=\"e-font-icon-svg e-eicon-chevron-right\" viewBox=\"0 0 1000 1000\" xmlns=\"http:\/\/www.w3.org\/2000\/svg\"><path d=\"M696 533C708 521 713 504 713 487 713 471 708 454 696 446L400 146C388 133 375 125 354 125 338 125 325 129 313 142 300 154 292 171 292 187 292 204 296 221 308 233L563 492 304 771C292 783 288 800 288 817 288 833 296 850 308 863 321 871 338 875 354 875 371 875 388 867 400 854L696 533Z\"><\/path><\/svg>\t\t\t\t\t\t<\/div>\n\t\t\t\t\t\t\t\t\t\t\t\t\t\t\t\t<div class=\"swiper-pagination\"><\/div>\n\t\t\t\t\t\t\t\t\t\t\t\t<\/div>\n\t\t\t\t<\/div>\n\t\t\t\t\t\t\t\t<\/div>\n\t\t\t\t<\/div>\n\t\t\t\t<\/div>\n\t\t<div class=\"elementor-element elementor-element-a2b660a e-con-full e-flex e-con e-parent\" data-id=\"a2b660a\" data-element_type=\"container\" data-e-type=\"container\">\n\t\t\t\t<div class=\"elementor-element elementor-element-1664ae9 elementor-widget elementor-widget-heading\" data-id=\"1664ae9\" data-element_type=\"widget\" data-e-type=\"widget\" data-widget_type=\"heading.default\">\n\t\t\t\t<div class=\"elementor-widget-container\">\n\t\t\t\t\t<h2 class=\"elementor-heading-title elementor-size-default\">V\u00e4gen till balans i b\u00e5de kropp och sj\u00e4l<\/h2>\t\t\t\t<\/div>\n\t\t\t\t<\/div>\n\t\t\t\t<div class=\"elementor-element elementor-element-9810c05 elementor-widget elementor-widget-text-editor\" data-id=\"9810c05\" data-element_type=\"widget\" data-e-type=\"widget\" data-widget_type=\"text-editor.default\">\n\t\t\t\t<div class=\"elementor-widget-container\">\n\t\t\t\t\t\t\t\t\t<p><span style=\"font-weight: 400;\">P\u00e5 Lunds Massage Center erbjuds flera behandlingar som hj\u00e4lper dig att sl\u00e4ppa p\u00e5 sp\u00e4nningar och hitta balans \u2013 b\u00e5de i kroppen och i sinnet. V\u00e4lj mellan den avkopplande hawaiianska massagen <a href=\"https:\/\/lundsmassagecenter.se\/index.php\/hawaiian-lomilomi-heartworks\/\"><span style=\"text-decoration: underline;\">Heartworks Lomi Lomi<\/span><\/a>, <a href=\"https:\/\/lundsmassagecenter.se\/index.php\/klassisk-massage\/\"><span style=\"text-decoration: underline;\">klassisk svensk massage<\/span><\/a> f\u00f6r stelhet och muskelv\u00e4rk, eller <a href=\"https:\/\/lundsmassagecenter.se\/index.php\/bindvavsmassage\/\"><span style=\"text-decoration: underline;\">bindv\u00e4vsmassage<\/span><\/a> och <a href=\"https:\/\/lundsmassagecenter.se\/index.php\/kinesiologi\/\"><span style=\"text-decoration: underline;\">kinesiologi<\/span><\/a> f\u00f6r mer terapeutiska behov. Alla behandlingar anpassas efter dina behov f\u00f6r att ge b\u00e4sta m\u00f6jliga resultat.<\/span><\/p>\t\t\t\t\t\t\t\t<\/div>\n\t\t\t\t<\/div>\n\t\t\t\t<div class=\"elementor-element elementor-element-cf975ef elementor-align-center elementor-widget elementor-widget-button\" data-id=\"cf975ef\" data-element_type=\"widget\" data-e-type=\"widget\" data-widget_type=\"button.default\">\n\t\t\t\t<div class=\"elementor-widget-container\">\n\t\t\t\t\t\t\t\t\t<div class=\"elementor-button-wrapper\">\n\t\t\t\t\t<a class=\"elementor-button elementor-button-link elementor-size-sm\" href=\"https:\/\/www.timecenter.se\/lmc\/lund\/\" target=\"_blank\" rel=\"noopener\">\n\t\t\t\t\t\t<span class=\"elementor-button-content-wrapper\">\n\t\t\t\t\t\t\t\t\t<span class=\"elementor-button-text\">Boka tid<\/span>\n\t\t\t\t\t<\/span>\n\t\t\t\t\t<\/a>\n\t\t\t\t<\/div>\n\t\t\t\t\t\t\t\t<\/div>\n\t\t\t\t<\/div>\n\t\t\t\t<\/div>\n\t\t\t\t<\/div>\n\t\t","protected":false},"excerpt":{"rendered":"<p>LUNDS MASSAGE CENTER L\u00e5t mig hj\u00e4lpa dig bli fri fr\u00e5n sm\u00e4rta och stelhet \u2013 och bli som p\u00e5nyttf\u00f6ddBoka tid LUNDS MASSAGE CENTER L\u00e5t mig hj\u00e4lpa dig bli fri fr\u00e5n sm\u00e4rta och stelhet \u2013 och bli som p\u00e5nyttf\u00f6ddBoka tid V\u00e4gen till balans i b\u00e5de kropp och sj\u00e4l P\u00e5 Lunds Massage Center erbjuds flera behandlingar som hj\u00e4lper [&hellip;]<\/p>\n","protected":false},"author":1,"featured_media":0,"parent":0,"menu_order":0,"comment_status":"closed","ping_status":"closed","template":"","meta":{"footnotes":""},"class_list":["post-9","page","type-page","status-publish","hentry"],"_links":{"self":[{"href":"https:\/\/lundsmassagecenter.se\/index.php\/wp-json\/wp\/v2\/pages\/9","targetHints":{"allow":["GET"]}}],"collection":[{"href":"https:\/\/lundsmassagecenter.se\/index.php\/wp-json\/wp\/v2\/pages"}],"about":[{"href":"https:\/\/lundsmassagecenter.se\/index.php\/wp-json\/wp\/v2\/types\/page"}],"author":[{"embeddable":true,"href":"https:\/\/lundsmassagecenter.se\/index.php\/wp-json\/wp\/v2\/users\/1"}],"replies":[{"embeddable":true,"href":"https:\/\/lundsmassagecenter.se\/index.php\/wp-json\/wp\/v2\/comments?post=9"}],"version-history":[{"count":131,"href":"https:\/\/lundsmassagecenter.se\/index.php\/wp-json\/wp\/v2\/pages\/9\/revisions"}],"predecessor-version":[{"id":414,"href":"https:\/\/lundsmassagecenter.se\/index.php\/wp-json\/wp\/v2\/pages\/9\/revisions\/414"}],"wp:attachment":[{"href":"https:\/\/lundsmassagecenter.se\/index.php\/wp-json\/wp\/v2\/media?parent=9"}],"curies":[{"name":"wp","href":"https:\/\/api.w.org\/{rel}","templated":true}]}}